{"id":4360,"date":"2023-05-30T11:59:37","date_gmt":"2023-05-30T09:59:37","guid":{"rendered":"https:\/\/www.hotelcapodorso.com\/experiencias\/"},"modified":"2026-01-26T13:50:41","modified_gmt":"2026-01-26T12:50:41","slug":"experiencias","status":"publish","type":"page","link":"https:\/\/www.hotelcapodorso.com\/es\/experiencias\/","title":{"rendered":"Experiencias"},"content":{"rendered":"","protected":false},"excerpt":{"rendered":"","protected":false},"author":1,"featured_media":0,"parent":0,"menu_order":7,"comment_status":"closed","ping_status":"closed","template":"","meta":[],"acf":[],"yoast_head":"<!-- This site is optimized with the Yoast SEO plugin v20.12 - https:\/\/yoast.com\/wordpress\/plugins\/seo\/ -->\n<title>Experiencias Hotel Capo d&#039;Orso - Aventuras \u00danicas en Cerde\u00f1a<\/title>\n<meta name=\"description\" content=\"Descubre las experiencias inolvidables del Hotel Capo d&#039;Orso en Cerde\u00f1a: excursiones en barco, mini cruceros, pesca, senderismo y mucho m\u00e1s. Vive aventuras \u00fanicas y crea recuerdos preciosos. \u00a1Reserva ahora!\" \/>\n<meta name=\"robots\" content=\"index, follow, max-snippet:-1, max-image-preview:large, max-video-preview:-1\" \/>\n<link rel=\"canonical\" href=\"https:\/\/www.hotelcapodorso.com\/es\/experiencias\/\" \/>\n<meta property=\"og:locale\" content=\"es_ES\" \/>\n<meta property=\"og:type\" content=\"article\" \/>\n<meta property=\"og:title\" content=\"Experiencias Hotel Capo d&#039;Orso - Aventuras \u00danicas en Cerde\u00f1a\" \/>\n<meta property=\"og:description\" content=\"Descubre las experiencias inolvidables del Hotel Capo d&#039;Orso en Cerde\u00f1a: excursiones en barco, mini cruceros, pesca, senderismo y mucho m\u00e1s. Vive aventuras \u00fanicas y crea recuerdos preciosos. \u00a1Reserva ahora!\" \/>\n<meta property=\"og:url\" content=\"https:\/\/www.hotelcapodorso.com\/es\/experiencias\/\" \/>\n<meta property=\"og:site_name\" content=\"Hotel Capo d\u2019Orso\" \/>\n<meta property=\"article:publisher\" content=\"https:\/\/www.facebook.com\/CapoDOrso\/\" \/>\n<meta property=\"article:modified_time\" content=\"2026-01-26T12:50:41+00:00\" \/>\n<meta name=\"twitter:card\" content=\"summary_large_image\" \/>\n<script type=\"application\/ld+json\" class=\"yoast-schema-graph\">{\"@context\":\"https:\/\/schema.org\",\"@graph\":[{\"@type\":\"WebPage\",\"@id\":\"https:\/\/www.hotelcapodorso.com\/es\/experiencias\/\",\"url\":\"https:\/\/www.hotelcapodorso.com\/es\/experiencias\/\",\"name\":\"Experiencias Hotel Capo d'Orso - Aventuras \u00danicas en Cerde\u00f1a\",\"isPartOf\":{\"@id\":\"https:\/\/www.hotelcapodorso.com\/es\/#website\"},\"datePublished\":\"2023-05-30T09:59:37+00:00\",\"dateModified\":\"2026-01-26T12:50:41+00:00\",\"description\":\"Descubre las experiencias inolvidables del Hotel Capo d'Orso en Cerde\u00f1a: excursiones en barco, mini cruceros, pesca, senderismo y mucho m\u00e1s. Vive aventuras \u00fanicas y crea recuerdos preciosos. \u00a1Reserva ahora!\",\"breadcrumb\":{\"@id\":\"https:\/\/www.hotelcapodorso.com\/es\/experiencias\/#breadcrumb\"},\"inLanguage\":\"es-ES\",\"potentialAction\":[{\"@type\":\"ReadAction\",\"target\":[\"https:\/\/www.hotelcapodorso.com\/es\/experiencias\/\"]}]},{\"@type\":\"BreadcrumbList\",\"@id\":\"https:\/\/www.hotelcapodorso.com\/es\/experiencias\/#breadcrumb\",\"itemListElement\":[{\"@type\":\"ListItem\",\"position\":1,\"name\":\"Home\",\"item\":\"https:\/\/www.hotelcapodorso.com\/es\/home-2\/\"},{\"@type\":\"ListItem\",\"position\":2,\"name\":\"Experiencias\"}]},{\"@type\":\"WebSite\",\"@id\":\"https:\/\/www.hotelcapodorso.com\/es\/#website\",\"url\":\"https:\/\/www.hotelcapodorso.com\/es\/\",\"name\":\"Hotel Capo d'Orso Thalasso & SPA - Leading hotels of the world 5 in Sardegna\",\"description\":\"Enjoy your personal space\",\"publisher\":{\"@id\":\"https:\/\/www.hotelcapodorso.com\/es\/#organization\"},\"potentialAction\":[{\"@type\":\"SearchAction\",\"target\":{\"@type\":\"EntryPoint\",\"urlTemplate\":\"https:\/\/www.hotelcapodorso.com\/es\/?s={search_term_string}\"},\"query-input\":\"required name=search_term_string\"}],\"inLanguage\":\"es-ES\"},{\"@type\":\"Organization\",\"@id\":\"https:\/\/www.hotelcapodorso.com\/es\/#organization\",\"name\":\"Hotel Capo d'Orso Thalasso & SPA - Leading hotels of the world 5 in Sardegna\",\"url\":\"https:\/\/www.hotelcapodorso.com\/es\/\",\"logo\":{\"@type\":\"ImageObject\",\"inLanguage\":\"es-ES\",\"@id\":\"https:\/\/www.hotelcapodorso.com\/es\/#\/schema\/logo\/image\/\",\"url\":\"https:\/\/www.hotelcapodorso.com\/site\/wp-content\/uploads\/2023\/07\/logo.png\",\"contentUrl\":\"https:\/\/www.hotelcapodorso.com\/site\/wp-content\/uploads\/2023\/07\/logo.png\",\"width\":1200,\"height\":900,\"caption\":\"Hotel Capo d'Orso Thalasso & SPA - Leading hotels of the world 5 in Sardegna\"},\"image\":{\"@id\":\"https:\/\/www.hotelcapodorso.com\/es\/#\/schema\/logo\/image\/\"},\"sameAs\":[\"https:\/\/www.facebook.com\/CapoDOrso\/\",\"https:\/\/www.instagram.com\/hotelcapodorso\/\",\"https:\/\/www.youtube.com\/@delphinahotels\"]}]}<\/script>\n<!-- \/ Yoast SEO plugin. -->","yoast_head_json":{"title":"Experiencias Hotel Capo d'Orso - Aventuras \u00danicas en Cerde\u00f1a","description":"Descubre las experiencias inolvidables del Hotel Capo d'Orso en Cerde\u00f1a: excursiones en barco, mini cruceros, pesca, senderismo y mucho m\u00e1s. Vive aventuras \u00fanicas y crea recuerdos preciosos. \u00a1Reserva ahora!","robots":{"index":"index","follow":"follow","max-snippet":"max-snippet:-1","max-image-preview":"max-image-preview:large","max-video-preview":"max-video-preview:-1"},"canonical":"https:\/\/www.hotelcapodorso.com\/es\/experiencias\/","og_locale":"es_ES","og_type":"article","og_title":"Experiencias Hotel Capo d'Orso - Aventuras \u00danicas en Cerde\u00f1a","og_description":"Descubre las experiencias inolvidables del Hotel Capo d'Orso en Cerde\u00f1a: excursiones en barco, mini cruceros, pesca, senderismo y mucho m\u00e1s. Vive aventuras \u00fanicas y crea recuerdos preciosos. \u00a1Reserva ahora!","og_url":"https:\/\/www.hotelcapodorso.com\/es\/experiencias\/","og_site_name":"Hotel Capo d\u2019Orso","article_publisher":"https:\/\/www.facebook.com\/CapoDOrso\/","article_modified_time":"2026-01-26T12:50:41+00:00","twitter_card":"summary_large_image","schema":{"@context":"https:\/\/schema.org","@graph":[{"@type":"WebPage","@id":"https:\/\/www.hotelcapodorso.com\/es\/experiencias\/","url":"https:\/\/www.hotelcapodorso.com\/es\/experiencias\/","name":"Experiencias Hotel Capo d'Orso - Aventuras \u00danicas en Cerde\u00f1a","isPartOf":{"@id":"https:\/\/www.hotelcapodorso.com\/es\/#website"},"datePublished":"2023-05-30T09:59:37+00:00","dateModified":"2026-01-26T12:50:41+00:00","description":"Descubre las experiencias inolvidables del Hotel Capo d'Orso en Cerde\u00f1a: excursiones en barco, mini cruceros, pesca, senderismo y mucho m\u00e1s. Vive aventuras \u00fanicas y crea recuerdos preciosos. \u00a1Reserva ahora!","breadcrumb":{"@id":"https:\/\/www.hotelcapodorso.com\/es\/experiencias\/#breadcrumb"},"inLanguage":"es-ES","potentialAction":[{"@type":"ReadAction","target":["https:\/\/www.hotelcapodorso.com\/es\/experiencias\/"]}]},{"@type":"BreadcrumbList","@id":"https:\/\/www.hotelcapodorso.com\/es\/experiencias\/#breadcrumb","itemListElement":[{"@type":"ListItem","position":1,"name":"Home","item":"https:\/\/www.hotelcapodorso.com\/es\/home-2\/"},{"@type":"ListItem","position":2,"name":"Experiencias"}]},{"@type":"WebSite","@id":"https:\/\/www.hotelcapodorso.com\/es\/#website","url":"https:\/\/www.hotelcapodorso.com\/es\/","name":"Hotel Capo d'Orso Thalasso & SPA - Leading hotels of the world 5 in Sardegna","description":"Enjoy your personal space","publisher":{"@id":"https:\/\/www.hotelcapodorso.com\/es\/#organization"},"potentialAction":[{"@type":"SearchAction","target":{"@type":"EntryPoint","urlTemplate":"https:\/\/www.hotelcapodorso.com\/es\/?s={search_term_string}"},"query-input":"required name=search_term_string"}],"inLanguage":"es-ES"},{"@type":"Organization","@id":"https:\/\/www.hotelcapodorso.com\/es\/#organization","name":"Hotel Capo d'Orso Thalasso & SPA - Leading hotels of the world 5 in Sardegna","url":"https:\/\/www.hotelcapodorso.com\/es\/","logo":{"@type":"ImageObject","inLanguage":"es-ES","@id":"https:\/\/www.hotelcapodorso.com\/es\/#\/schema\/logo\/image\/","url":"https:\/\/www.hotelcapodorso.com\/site\/wp-content\/uploads\/2023\/07\/logo.png","contentUrl":"https:\/\/www.hotelcapodorso.com\/site\/wp-content\/uploads\/2023\/07\/logo.png","width":1200,"height":900,"caption":"Hotel Capo d'Orso Thalasso & SPA - Leading hotels of the world 5 in Sardegna"},"image":{"@id":"https:\/\/www.hotelcapodorso.com\/es\/#\/schema\/logo\/image\/"},"sameAs":["https:\/\/www.facebook.com\/CapoDOrso\/","https:\/\/www.instagram.com\/hotelcapodorso\/","https:\/\/www.youtube.com\/@delphinahotels"]}]}},"_links":{"self":[{"href":"https:\/\/www.hotelcapodorso.com\/es\/wp-json\/wp\/v2\/pages\/4360"}],"collection":[{"href":"https:\/\/www.hotelcapodorso.com\/es\/wp-json\/wp\/v2\/pages"}],"about":[{"href":"https:\/\/www.hotelcapodorso.com\/es\/wp-json\/wp\/v2\/types\/page"}],"author":[{"embeddable":true,"href":"https:\/\/www.hotelcapodorso.com\/es\/wp-json\/wp\/v2\/users\/1"}],"replies":[{"embeddable":true,"href":"https:\/\/www.hotelcapodorso.com\/es\/wp-json\/wp\/v2\/comments?post=4360"}],"version-history":[{"count":1,"href":"https:\/\/www.hotelcapodorso.com\/es\/wp-json\/wp\/v2\/pages\/4360\/revisions"}],"predecessor-version":[{"id":4361,"href":"https:\/\/www.hotelcapodorso.com\/es\/wp-json\/wp\/v2\/pages\/4360\/revisions\/4361"}],"wp:attachment":[{"href":"https:\/\/www.hotelcapodorso.com\/es\/wp-json\/wp\/v2\/media?parent=4360"}],"curies":[{"name":"wp","href":"https:\/\/api.w.org\/{rel}","templated":true}]}}