{"id":2297,"date":"2023-05-31T10:01:53","date_gmt":"2023-05-31T08:01:53","guid":{"rendered":"https:\/\/www.hotelcapodorso.com\/home\/"},"modified":"2026-01-26T09:12:25","modified_gmt":"2026-01-26T08:12:25","slug":"home","status":"publish","type":"page","link":"https:\/\/www.hotelcapodorso.com\/fr\/","title":{"rendered":"Home"},"content":{"rendered":"","protected":false},"excerpt":{"rendered":"","protected":false},"author":1,"featured_media":0,"parent":0,"menu_order":1,"comment_status":"closed","ping_status":"closed","template":"","meta":[],"acf":[],"yoast_head":"<!-- This site is optimized with the Yoast SEO plugin v20.12 - https:\/\/yoast.com\/wordpress\/plugins\/seo\/ -->\n<title>H\u00f4tel LHW Capo d\u2019Orso Thalasso &amp; SPA | 5 \u00e9toiles en Sardaigne<\/title>\n<meta name=\"description\" content=\"H\u00f4tel Capo d&#039;Orso, Sardaigne : le luxe sign\u00e9 Leading Hotels of the World. Vivez une exp\u00e9rience unique avec des restaurants gastronomiques, un Thalasso &amp; Spa, du golf et des panoramas spectaculaires sur la mer.\" \/>\n<meta name=\"robots\" content=\"index, follow, max-snippet:-1, max-image-preview:large, max-video-preview:-1\" \/>\n<link rel=\"canonical\" href=\"https:\/\/www.hotelcapodorso.com\/fr\/\" \/>\n<meta property=\"og:locale\" content=\"fr_FR\" \/>\n<meta property=\"og:type\" content=\"article\" \/>\n<meta property=\"og:title\" content=\"H\u00f4tel LHW Capo d\u2019Orso Thalasso &amp; SPA | 5 \u00e9toiles en Sardaigne\" \/>\n<meta property=\"og:description\" content=\"H\u00f4tel Capo d&#039;Orso, Sardaigne : le luxe sign\u00e9 Leading Hotels of the World. Vivez une exp\u00e9rience unique avec des restaurants gastronomiques, un Thalasso &amp; Spa, du golf et des panoramas spectaculaires sur la mer.\" \/>\n<meta property=\"og:url\" content=\"https:\/\/www.hotelcapodorso.com\/fr\/\" \/>\n<meta property=\"og:site_name\" content=\"Hotel Capo d\u2019Orso\" \/>\n<meta property=\"article:publisher\" content=\"https:\/\/www.facebook.com\/CapoDOrso\/\" \/>\n<meta property=\"article:modified_time\" content=\"2026-01-26T08:12:25+00:00\" \/>\n<meta name=\"twitter:card\" content=\"summary_large_image\" \/>\n<script type=\"application\/ld+json\" class=\"yoast-schema-graph\">{\"@context\":\"https:\/\/schema.org\",\"@graph\":[{\"@type\":\"WebPage\",\"@id\":\"https:\/\/www.hotelcapodorso.com\/fr\/\",\"url\":\"https:\/\/www.hotelcapodorso.com\/fr\/\",\"name\":\"H\u00f4tel LHW Capo d\u2019Orso Thalasso & SPA | 5 \u00e9toiles en Sardaigne\",\"isPartOf\":{\"@id\":\"https:\/\/www.hotelcapodorso.com\/fr\/#website\"},\"datePublished\":\"2023-05-31T08:01:53+00:00\",\"dateModified\":\"2026-01-26T08:12:25+00:00\",\"description\":\"H\u00f4tel Capo d'Orso, Sardaigne : le luxe sign\u00e9 Leading Hotels of the World. Vivez une exp\u00e9rience unique avec des restaurants gastronomiques, un Thalasso & Spa, du golf et des panoramas spectaculaires sur la mer.\",\"breadcrumb\":{\"@id\":\"https:\/\/www.hotelcapodorso.com\/fr\/#breadcrumb\"},\"inLanguage\":\"fr-FR\",\"potentialAction\":[{\"@type\":\"ReadAction\",\"target\":[\"https:\/\/www.hotelcapodorso.com\/fr\/\"]}]},{\"@type\":\"BreadcrumbList\",\"@id\":\"https:\/\/www.hotelcapodorso.com\/fr\/#breadcrumb\",\"itemListElement\":[{\"@type\":\"ListItem\",\"position\":1,\"name\":\"Home\",\"item\":\"https:\/\/www.hotelcapodorso.com\/fr\/home\/\"},{\"@type\":\"ListItem\",\"position\":2,\"name\":\"Home\"}]},{\"@type\":\"WebSite\",\"@id\":\"https:\/\/www.hotelcapodorso.com\/fr\/#website\",\"url\":\"https:\/\/www.hotelcapodorso.com\/fr\/\",\"name\":\"Hotel Capo d'Orso Thalasso & SPA - Leading hotels of the world 5 in Sardegna\",\"description\":\"Enjoy your personal space\",\"publisher\":{\"@id\":\"https:\/\/www.hotelcapodorso.com\/fr\/#organization\"},\"potentialAction\":[{\"@type\":\"SearchAction\",\"target\":{\"@type\":\"EntryPoint\",\"urlTemplate\":\"https:\/\/www.hotelcapodorso.com\/fr\/?s={search_term_string}\"},\"query-input\":\"required name=search_term_string\"}],\"inLanguage\":\"fr-FR\"},{\"@type\":\"Organization\",\"@id\":\"https:\/\/www.hotelcapodorso.com\/fr\/#organization\",\"name\":\"Hotel Capo d'Orso Thalasso & SPA - Leading hotels of the world 5 in Sardegna\",\"url\":\"https:\/\/www.hotelcapodorso.com\/fr\/\",\"logo\":{\"@type\":\"ImageObject\",\"inLanguage\":\"fr-FR\",\"@id\":\"https:\/\/www.hotelcapodorso.com\/fr\/#\/schema\/logo\/image\/\",\"url\":\"https:\/\/www.hotelcapodorso.com\/site\/wp-content\/uploads\/2023\/07\/logo.png\",\"contentUrl\":\"https:\/\/www.hotelcapodorso.com\/site\/wp-content\/uploads\/2023\/07\/logo.png\",\"width\":1200,\"height\":900,\"caption\":\"Hotel Capo d'Orso Thalasso & SPA - Leading hotels of the world 5 in Sardegna\"},\"image\":{\"@id\":\"https:\/\/www.hotelcapodorso.com\/fr\/#\/schema\/logo\/image\/\"},\"sameAs\":[\"https:\/\/www.facebook.com\/CapoDOrso\/\",\"https:\/\/www.instagram.com\/hotelcapodorso\/\",\"https:\/\/www.youtube.com\/@delphinahotels\"]}]}<\/script>\n<!-- \/ Yoast SEO plugin. -->","yoast_head_json":{"title":"H\u00f4tel LHW Capo d\u2019Orso Thalasso & SPA | 5 \u00e9toiles en Sardaigne","description":"H\u00f4tel Capo d'Orso, Sardaigne : le luxe sign\u00e9 Leading Hotels of the World. Vivez une exp\u00e9rience unique avec des restaurants gastronomiques, un Thalasso & Spa, du golf et des panoramas spectaculaires sur la mer.","robots":{"index":"index","follow":"follow","max-snippet":"max-snippet:-1","max-image-preview":"max-image-preview:large","max-video-preview":"max-video-preview:-1"},"canonical":"https:\/\/www.hotelcapodorso.com\/fr\/","og_locale":"fr_FR","og_type":"article","og_title":"H\u00f4tel LHW Capo d\u2019Orso Thalasso & SPA | 5 \u00e9toiles en Sardaigne","og_description":"H\u00f4tel Capo d'Orso, Sardaigne : le luxe sign\u00e9 Leading Hotels of the World. Vivez une exp\u00e9rience unique avec des restaurants gastronomiques, un Thalasso & Spa, du golf et des panoramas spectaculaires sur la mer.","og_url":"https:\/\/www.hotelcapodorso.com\/fr\/","og_site_name":"Hotel Capo d\u2019Orso","article_publisher":"https:\/\/www.facebook.com\/CapoDOrso\/","article_modified_time":"2026-01-26T08:12:25+00:00","twitter_card":"summary_large_image","schema":{"@context":"https:\/\/schema.org","@graph":[{"@type":"WebPage","@id":"https:\/\/www.hotelcapodorso.com\/fr\/","url":"https:\/\/www.hotelcapodorso.com\/fr\/","name":"H\u00f4tel LHW Capo d\u2019Orso Thalasso & SPA | 5 \u00e9toiles en Sardaigne","isPartOf":{"@id":"https:\/\/www.hotelcapodorso.com\/fr\/#website"},"datePublished":"2023-05-31T08:01:53+00:00","dateModified":"2026-01-26T08:12:25+00:00","description":"H\u00f4tel Capo d'Orso, Sardaigne : le luxe sign\u00e9 Leading Hotels of the World. Vivez une exp\u00e9rience unique avec des restaurants gastronomiques, un Thalasso & Spa, du golf et des panoramas spectaculaires sur la mer.","breadcrumb":{"@id":"https:\/\/www.hotelcapodorso.com\/fr\/#breadcrumb"},"inLanguage":"fr-FR","potentialAction":[{"@type":"ReadAction","target":["https:\/\/www.hotelcapodorso.com\/fr\/"]}]},{"@type":"BreadcrumbList","@id":"https:\/\/www.hotelcapodorso.com\/fr\/#breadcrumb","itemListElement":[{"@type":"ListItem","position":1,"name":"Home","item":"https:\/\/www.hotelcapodorso.com\/fr\/home\/"},{"@type":"ListItem","position":2,"name":"Home"}]},{"@type":"WebSite","@id":"https:\/\/www.hotelcapodorso.com\/fr\/#website","url":"https:\/\/www.hotelcapodorso.com\/fr\/","name":"Hotel Capo d'Orso Thalasso & SPA - Leading hotels of the world 5 in Sardegna","description":"Enjoy your personal space","publisher":{"@id":"https:\/\/www.hotelcapodorso.com\/fr\/#organization"},"potentialAction":[{"@type":"SearchAction","target":{"@type":"EntryPoint","urlTemplate":"https:\/\/www.hotelcapodorso.com\/fr\/?s={search_term_string}"},"query-input":"required name=search_term_string"}],"inLanguage":"fr-FR"},{"@type":"Organization","@id":"https:\/\/www.hotelcapodorso.com\/fr\/#organization","name":"Hotel Capo d'Orso Thalasso & SPA - Leading hotels of the world 5 in Sardegna","url":"https:\/\/www.hotelcapodorso.com\/fr\/","logo":{"@type":"ImageObject","inLanguage":"fr-FR","@id":"https:\/\/www.hotelcapodorso.com\/fr\/#\/schema\/logo\/image\/","url":"https:\/\/www.hotelcapodorso.com\/site\/wp-content\/uploads\/2023\/07\/logo.png","contentUrl":"https:\/\/www.hotelcapodorso.com\/site\/wp-content\/uploads\/2023\/07\/logo.png","width":1200,"height":900,"caption":"Hotel Capo d'Orso Thalasso & SPA - Leading hotels of the world 5 in Sardegna"},"image":{"@id":"https:\/\/www.hotelcapodorso.com\/fr\/#\/schema\/logo\/image\/"},"sameAs":["https:\/\/www.facebook.com\/CapoDOrso\/","https:\/\/www.instagram.com\/hotelcapodorso\/","https:\/\/www.youtube.com\/@delphinahotels"]}]}},"_links":{"self":[{"href":"https:\/\/www.hotelcapodorso.com\/fr\/wp-json\/wp\/v2\/pages\/2297"}],"collection":[{"href":"https:\/\/www.hotelcapodorso.com\/fr\/wp-json\/wp\/v2\/pages"}],"about":[{"href":"https:\/\/www.hotelcapodorso.com\/fr\/wp-json\/wp\/v2\/types\/page"}],"author":[{"embeddable":true,"href":"https:\/\/www.hotelcapodorso.com\/fr\/wp-json\/wp\/v2\/users\/1"}],"replies":[{"embeddable":true,"href":"https:\/\/www.hotelcapodorso.com\/fr\/wp-json\/wp\/v2\/comments?post=2297"}],"version-history":[{"count":5,"href":"https:\/\/www.hotelcapodorso.com\/fr\/wp-json\/wp\/v2\/pages\/2297\/revisions"}],"predecessor-version":[{"id":3323,"href":"https:\/\/www.hotelcapodorso.com\/fr\/wp-json\/wp\/v2\/pages\/2297\/revisions\/3323"}],"wp:attachment":[{"href":"https:\/\/www.hotelcapodorso.com\/fr\/wp-json\/wp\/v2\/media?parent=2297"}],"curies":[{"name":"wp","href":"https:\/\/api.w.org\/{rel}","templated":true}]}}