{"id":2532,"date":"2023-04-18T11:03:33","date_gmt":"2023-04-18T09:03:33","guid":{"rendered":"https:\/\/www.hotelcapodorso.com\/golf\/"},"modified":"2026-01-26T11:05:48","modified_gmt":"2026-01-26T10:05:48","slug":"golf","status":"publish","type":"page","link":"https:\/\/www.hotelcapodorso.com\/fr\/golf\/","title":{"rendered":"Golf"},"content":{"rendered":"","protected":false},"excerpt":{"rendered":"","protected":false},"author":1,"featured_media":0,"parent":0,"menu_order":5,"comment_status":"closed","ping_status":"closed","template":"","meta":[],"acf":[],"yoast_head":"<!-- This site is optimized with the Yoast SEO plugin v20.12 - https:\/\/yoast.com\/wordpress\/plugins\/seo\/ -->\n<title>Golf Hotel Capo d&#039;Orso - Exp\u00e9rience de golf en Sardaigne<\/title>\n<meta name=\"description\" content=\"Perfectionnez votre swing sur le champ de pratique golf 9 trous Pitch &amp; Putt de l&#039;H\u00f4tel Capo d&#039;Orso en Sardaigne. Id\u00e9al pour les joueurs de tous niveaux, avec du mat\u00e9riel de qualit\u00e9 et des cours exclusifs.\" \/>\n<meta name=\"robots\" content=\"index, follow, max-snippet:-1, max-image-preview:large, max-video-preview:-1\" \/>\n<link rel=\"canonical\" href=\"https:\/\/www.hotelcapodorso.com\/fr\/golf\/\" \/>\n<meta property=\"og:locale\" content=\"fr_FR\" \/>\n<meta property=\"og:type\" content=\"article\" \/>\n<meta property=\"og:title\" content=\"Golf Hotel Capo d&#039;Orso - Exp\u00e9rience de golf en Sardaigne\" \/>\n<meta property=\"og:description\" content=\"Perfectionnez votre swing sur le champ de pratique golf 9 trous Pitch &amp; Putt de l&#039;H\u00f4tel Capo d&#039;Orso en Sardaigne. Id\u00e9al pour les joueurs de tous niveaux, avec du mat\u00e9riel de qualit\u00e9 et des cours exclusifs.\" \/>\n<meta property=\"og:url\" content=\"https:\/\/www.hotelcapodorso.com\/fr\/golf\/\" \/>\n<meta property=\"og:site_name\" content=\"Hotel Capo d\u2019Orso\" \/>\n<meta property=\"article:publisher\" content=\"https:\/\/www.facebook.com\/CapoDOrso\/\" \/>\n<meta property=\"article:modified_time\" content=\"2026-01-26T10:05:48+00:00\" \/>\n<meta name=\"twitter:card\" content=\"summary_large_image\" \/>\n<script type=\"application\/ld+json\" class=\"yoast-schema-graph\">{\"@context\":\"https:\/\/schema.org\",\"@graph\":[{\"@type\":\"WebPage\",\"@id\":\"https:\/\/www.hotelcapodorso.com\/fr\/golf\/\",\"url\":\"https:\/\/www.hotelcapodorso.com\/fr\/golf\/\",\"name\":\"Golf Hotel Capo d'Orso - Exp\u00e9rience de golf en Sardaigne\",\"isPartOf\":{\"@id\":\"https:\/\/www.hotelcapodorso.com\/fr\/#website\"},\"datePublished\":\"2023-04-18T09:03:33+00:00\",\"dateModified\":\"2026-01-26T10:05:48+00:00\",\"description\":\"Perfectionnez votre swing sur le champ de pratique golf 9 trous Pitch & Putt de l'H\u00f4tel Capo d'Orso en Sardaigne. Id\u00e9al pour les joueurs de tous niveaux, avec du mat\u00e9riel de qualit\u00e9 et des cours exclusifs.\",\"breadcrumb\":{\"@id\":\"https:\/\/www.hotelcapodorso.com\/fr\/golf\/#breadcrumb\"},\"inLanguage\":\"fr-FR\",\"potentialAction\":[{\"@type\":\"ReadAction\",\"target\":[\"https:\/\/www.hotelcapodorso.com\/fr\/golf\/\"]}]},{\"@type\":\"BreadcrumbList\",\"@id\":\"https:\/\/www.hotelcapodorso.com\/fr\/golf\/#breadcrumb\",\"itemListElement\":[{\"@type\":\"ListItem\",\"position\":1,\"name\":\"Home\",\"item\":\"https:\/\/www.hotelcapodorso.com\/fr\/home\/\"},{\"@type\":\"ListItem\",\"position\":2,\"name\":\"Golf\"}]},{\"@type\":\"WebSite\",\"@id\":\"https:\/\/www.hotelcapodorso.com\/fr\/#website\",\"url\":\"https:\/\/www.hotelcapodorso.com\/fr\/\",\"name\":\"Hotel Capo d'Orso Thalasso & SPA - Leading hotels of the world 5 in Sardegna\",\"description\":\"Enjoy your personal space\",\"publisher\":{\"@id\":\"https:\/\/www.hotelcapodorso.com\/fr\/#organization\"},\"potentialAction\":[{\"@type\":\"SearchAction\",\"target\":{\"@type\":\"EntryPoint\",\"urlTemplate\":\"https:\/\/www.hotelcapodorso.com\/fr\/?s={search_term_string}\"},\"query-input\":\"required name=search_term_string\"}],\"inLanguage\":\"fr-FR\"},{\"@type\":\"Organization\",\"@id\":\"https:\/\/www.hotelcapodorso.com\/fr\/#organization\",\"name\":\"Hotel Capo d'Orso Thalasso & SPA - Leading hotels of the world 5 in Sardegna\",\"url\":\"https:\/\/www.hotelcapodorso.com\/fr\/\",\"logo\":{\"@type\":\"ImageObject\",\"inLanguage\":\"fr-FR\",\"@id\":\"https:\/\/www.hotelcapodorso.com\/fr\/#\/schema\/logo\/image\/\",\"url\":\"https:\/\/www.hotelcapodorso.com\/site\/wp-content\/uploads\/2023\/07\/logo.png\",\"contentUrl\":\"https:\/\/www.hotelcapodorso.com\/site\/wp-content\/uploads\/2023\/07\/logo.png\",\"width\":1200,\"height\":900,\"caption\":\"Hotel Capo d'Orso Thalasso & SPA - Leading hotels of the world 5 in Sardegna\"},\"image\":{\"@id\":\"https:\/\/www.hotelcapodorso.com\/fr\/#\/schema\/logo\/image\/\"},\"sameAs\":[\"https:\/\/www.facebook.com\/CapoDOrso\/\",\"https:\/\/www.instagram.com\/hotelcapodorso\/\",\"https:\/\/www.youtube.com\/@delphinahotels\"]}]}<\/script>\n<!-- \/ Yoast SEO plugin. -->","yoast_head_json":{"title":"Golf Hotel Capo d'Orso - Exp\u00e9rience de golf en Sardaigne","description":"Perfectionnez votre swing sur le champ de pratique golf 9 trous Pitch & Putt de l'H\u00f4tel Capo d'Orso en Sardaigne. Id\u00e9al pour les joueurs de tous niveaux, avec du mat\u00e9riel de qualit\u00e9 et des cours exclusifs.","robots":{"index":"index","follow":"follow","max-snippet":"max-snippet:-1","max-image-preview":"max-image-preview:large","max-video-preview":"max-video-preview:-1"},"canonical":"https:\/\/www.hotelcapodorso.com\/fr\/golf\/","og_locale":"fr_FR","og_type":"article","og_title":"Golf Hotel Capo d'Orso - Exp\u00e9rience de golf en Sardaigne","og_description":"Perfectionnez votre swing sur le champ de pratique golf 9 trous Pitch & Putt de l'H\u00f4tel Capo d'Orso en Sardaigne. Id\u00e9al pour les joueurs de tous niveaux, avec du mat\u00e9riel de qualit\u00e9 et des cours exclusifs.","og_url":"https:\/\/www.hotelcapodorso.com\/fr\/golf\/","og_site_name":"Hotel Capo d\u2019Orso","article_publisher":"https:\/\/www.facebook.com\/CapoDOrso\/","article_modified_time":"2026-01-26T10:05:48+00:00","twitter_card":"summary_large_image","schema":{"@context":"https:\/\/schema.org","@graph":[{"@type":"WebPage","@id":"https:\/\/www.hotelcapodorso.com\/fr\/golf\/","url":"https:\/\/www.hotelcapodorso.com\/fr\/golf\/","name":"Golf Hotel Capo d'Orso - Exp\u00e9rience de golf en Sardaigne","isPartOf":{"@id":"https:\/\/www.hotelcapodorso.com\/fr\/#website"},"datePublished":"2023-04-18T09:03:33+00:00","dateModified":"2026-01-26T10:05:48+00:00","description":"Perfectionnez votre swing sur le champ de pratique golf 9 trous Pitch & Putt de l'H\u00f4tel Capo d'Orso en Sardaigne. Id\u00e9al pour les joueurs de tous niveaux, avec du mat\u00e9riel de qualit\u00e9 et des cours exclusifs.","breadcrumb":{"@id":"https:\/\/www.hotelcapodorso.com\/fr\/golf\/#breadcrumb"},"inLanguage":"fr-FR","potentialAction":[{"@type":"ReadAction","target":["https:\/\/www.hotelcapodorso.com\/fr\/golf\/"]}]},{"@type":"BreadcrumbList","@id":"https:\/\/www.hotelcapodorso.com\/fr\/golf\/#breadcrumb","itemListElement":[{"@type":"ListItem","position":1,"name":"Home","item":"https:\/\/www.hotelcapodorso.com\/fr\/home\/"},{"@type":"ListItem","position":2,"name":"Golf"}]},{"@type":"WebSite","@id":"https:\/\/www.hotelcapodorso.com\/fr\/#website","url":"https:\/\/www.hotelcapodorso.com\/fr\/","name":"Hotel Capo d'Orso Thalasso & SPA - Leading hotels of the world 5 in Sardegna","description":"Enjoy your personal space","publisher":{"@id":"https:\/\/www.hotelcapodorso.com\/fr\/#organization"},"potentialAction":[{"@type":"SearchAction","target":{"@type":"EntryPoint","urlTemplate":"https:\/\/www.hotelcapodorso.com\/fr\/?s={search_term_string}"},"query-input":"required name=search_term_string"}],"inLanguage":"fr-FR"},{"@type":"Organization","@id":"https:\/\/www.hotelcapodorso.com\/fr\/#organization","name":"Hotel Capo d'Orso Thalasso & SPA - Leading hotels of the world 5 in Sardegna","url":"https:\/\/www.hotelcapodorso.com\/fr\/","logo":{"@type":"ImageObject","inLanguage":"fr-FR","@id":"https:\/\/www.hotelcapodorso.com\/fr\/#\/schema\/logo\/image\/","url":"https:\/\/www.hotelcapodorso.com\/site\/wp-content\/uploads\/2023\/07\/logo.png","contentUrl":"https:\/\/www.hotelcapodorso.com\/site\/wp-content\/uploads\/2023\/07\/logo.png","width":1200,"height":900,"caption":"Hotel Capo d'Orso Thalasso & SPA - Leading hotels of the world 5 in Sardegna"},"image":{"@id":"https:\/\/www.hotelcapodorso.com\/fr\/#\/schema\/logo\/image\/"},"sameAs":["https:\/\/www.facebook.com\/CapoDOrso\/","https:\/\/www.instagram.com\/hotelcapodorso\/","https:\/\/www.youtube.com\/@delphinahotels"]}]}},"_links":{"self":[{"href":"https:\/\/www.hotelcapodorso.com\/fr\/wp-json\/wp\/v2\/pages\/2532"}],"collection":[{"href":"https:\/\/www.hotelcapodorso.com\/fr\/wp-json\/wp\/v2\/pages"}],"about":[{"href":"https:\/\/www.hotelcapodorso.com\/fr\/wp-json\/wp\/v2\/types\/page"}],"author":[{"embeddable":true,"href":"https:\/\/www.hotelcapodorso.com\/fr\/wp-json\/wp\/v2\/users\/1"}],"replies":[{"embeddable":true,"href":"https:\/\/www.hotelcapodorso.com\/fr\/wp-json\/wp\/v2\/comments?post=2532"}],"version-history":[{"count":4,"href":"https:\/\/www.hotelcapodorso.com\/fr\/wp-json\/wp\/v2\/pages\/2532\/revisions"}],"predecessor-version":[{"id":3147,"href":"https:\/\/www.hotelcapodorso.com\/fr\/wp-json\/wp\/v2\/pages\/2532\/revisions\/3147"}],"wp:attachment":[{"href":"https:\/\/www.hotelcapodorso.com\/fr\/wp-json\/wp\/v2\/media?parent=2532"}],"curies":[{"name":"wp","href":"https:\/\/api.w.org\/{rel}","templated":true}]}}